{"id":6192,"date":"2022-03-30T11:54:44","date_gmt":"2022-03-30T16:54:44","guid":{"rendered":"https:\/\/www.acerogar.com\/web\/?post_type=product&#038;p=6192"},"modified":"2022-03-31T15:23:12","modified_gmt":"2022-03-31T20:23:12","slug":"mart-rompedor-te-500-avr-120v","status":"publish","type":"product","link":"https:\/\/www.acerogar.com\/web\/producto\/mart-rompedor-te-500-avr-120v\/","title":{"rendered":"Mart. rompedor TE 500-AVR 120V"},"content":{"rendered":"<p>Martillo rompedor de muros SDS Max (TE-Y) vers\u00e1til para tareas de cincelado ligero en hormig\u00f3n y mamposter\u00eda con sistema de reducci\u00f3n activa de la vibraci\u00f3n (AVR)<br \/>\nDirecci\u00f3n de trabajo: Muro<br \/>\nTipo de mandril: TE-Y (SDS Max)<br \/>\nPeso seg\u00fan procedimiento EPTA 01\/2003: 6.3 kg<\/p>\n","protected":false},"excerpt":{"rendered":"<p>Martillo rompedor de muros SDS Max (TE-Y) vers\u00e1til para tareas de cincelado ligero en hormig\u00f3n y mamposter\u00eda con sistema de reducci\u00f3n activa de la vibraci\u00f3n (AVR)<br \/>\nDirecci\u00f3n de trabajo: Muro<br \/>\nTipo de mandril: TE-Y (SDS Max)<br \/>\nPeso seg\u00fan procedimiento EPTA 01\/2003: 6.3 kg<\/p>\n","protected":false},"featured_media":6202,"template":"","meta":[],"product_brand":[],"product_cat":[526],"product_tag":[],"class_list":{"0":"post-6192","1":"product","2":"type-product","3":"status-publish","4":"has-post-thumbnail","6":"product_cat-demoledores","8":"first","9":"instock","10":"shipping-taxable","11":"product-type-simple","12":"prodpage-style3"},"_links":{"self":[{"href":"https:\/\/www.acerogar.com\/web\/wp-json\/wp\/v2\/product\/6192","targetHints":{"allow":["GET"]}}],"collection":[{"href":"https:\/\/www.acerogar.com\/web\/wp-json\/wp\/v2\/product"}],"about":[{"href":"https:\/\/www.acerogar.com\/web\/wp-json\/wp\/v2\/types\/product"}],"wp:featuredmedia":[{"embeddable":true,"href":"https:\/\/www.acerogar.com\/web\/wp-json\/wp\/v2\/media\/6202"}],"wp:attachment":[{"href":"https:\/\/www.acerogar.com\/web\/wp-json\/wp\/v2\/media?parent=6192"}],"wp:term":[{"taxonomy":"product_brand","embeddable":true,"href":"https:\/\/www.acerogar.com\/web\/wp-json\/wp\/v2\/product_brand?post=6192"},{"taxonomy":"product_cat","embeddable":true,"href":"https:\/\/www.acerogar.com\/web\/wp-json\/wp\/v2\/product_cat?post=6192"},{"taxonomy":"product_tag","embeddable":true,"href":"https:\/\/www.acerogar.com\/web\/wp-json\/wp\/v2\/product_tag?post=6192"}],"curies":[{"name":"wp","href":"https:\/\/api.w.org\/{rel}","templated":true}]}}