{"id":6216,"date":"2022-03-30T15:16:00","date_gmt":"2022-03-30T20:16:00","guid":{"rendered":"https:\/\/www.acerogar.com\/web\/?post_type=product&#038;p=6216"},"modified":"2022-03-30T15:22:25","modified_gmt":"2022-03-30T20:22:25","slug":"mart-rompedor-te-3000-avr-120v","status":"publish","type":"product","link":"https:\/\/www.acerogar.com\/web\/producto\/mart-rompedor-te-3000-avr-120v\/","title":{"rendered":"Mart. rompedor TE 3000-AVR 120V"},"content":{"rendered":"<p>Martillo rompedor de gran potencia para tareas de carga pesada de demolici\u00f3n de hormig\u00f3n, corte de asfalto, movimientos de tierra y atornillado de varillas de conexi\u00f3n a tierra<br \/>\nDirecci\u00f3n de trabajo: Forjado<br \/>\nTipo de mandril: HEX 28<br \/>\nPeso seg\u00fan procedimiento EPTA 01\/2003: 27.1 kg<\/p>\n","protected":false},"excerpt":{"rendered":"<p>Martillo rompedor de gran potencia para tareas de carga pesada de demolici\u00f3n de hormig\u00f3n, corte de asfalto, movimientos de tierra y atornillado de varillas de conexi\u00f3n a tierra<br \/>\nDirecci\u00f3n de trabajo: Forjado<br \/>\nTipo de mandril: HEX 28<br \/>\nPeso seg\u00fan procedimiento EPTA 01\/2003: 27.1 kg<\/p>\n","protected":false},"featured_media":6217,"template":"","meta":[],"product_brand":[],"product_cat":[526],"product_tag":[],"class_list":{"0":"post-6216","1":"product","2":"type-product","3":"status-publish","4":"has-post-thumbnail","6":"product_cat-demoledores","8":"first","9":"instock","10":"shipping-taxable","11":"product-type-simple","12":"prodpage-style3"},"_links":{"self":[{"href":"https:\/\/www.acerogar.com\/web\/wp-json\/wp\/v2\/product\/6216","targetHints":{"allow":["GET"]}}],"collection":[{"href":"https:\/\/www.acerogar.com\/web\/wp-json\/wp\/v2\/product"}],"about":[{"href":"https:\/\/www.acerogar.com\/web\/wp-json\/wp\/v2\/types\/product"}],"wp:featuredmedia":[{"embeddable":true,"href":"https:\/\/www.acerogar.com\/web\/wp-json\/wp\/v2\/media\/6217"}],"wp:attachment":[{"href":"https:\/\/www.acerogar.com\/web\/wp-json\/wp\/v2\/media?parent=6216"}],"wp:term":[{"taxonomy":"product_brand","embeddable":true,"href":"https:\/\/www.acerogar.com\/web\/wp-json\/wp\/v2\/product_brand?post=6216"},{"taxonomy":"product_cat","embeddable":true,"href":"https:\/\/www.acerogar.com\/web\/wp-json\/wp\/v2\/product_cat?post=6216"},{"taxonomy":"product_tag","embeddable":true,"href":"https:\/\/www.acerogar.com\/web\/wp-json\/wp\/v2\/product_tag?post=6216"}],"curies":[{"name":"wp","href":"https:\/\/api.w.org\/{rel}","templated":true}]}}