{"id":6238,"date":"2022-03-30T15:48:13","date_gmt":"2022-03-30T20:48:13","guid":{"rendered":"https:\/\/www.acerogar.com\/web\/?post_type=product&#038;p=6238"},"modified":"2022-03-30T15:59:30","modified_gmt":"2022-03-30T20:59:30","slug":"atorn-tal-a-bateria-sf-4-a22-caja","status":"publish","type":"product","link":"https:\/\/www.acerogar.com\/web\/producto\/atorn-tal-a-bateria-sf-4-a22-caja\/","title":{"rendered":"Atorn. tal. a bater\u00eda SF 4-A22 caja"},"content":{"rendered":"<p>Atornilladora taladro a bater\u00eda de 22 V de clase compacta con motor sin escobillas para tareas ligeras o en lugares de dif\u00edcil acceso que requieren mayor rendimiento<br \/>\nPar m\u00e1ximo (uni\u00f3n suave\/dura): 36 Nm (Junta blanda), 62 Nm (Junta dura)<br \/>\nRPM sin carga: engranaje 1: 610 rpm; engranaje 2: 2100 rpm<br \/>\nRango de fijaci\u00f3n de mandril: 2 &#8211; 13 mm<\/p>\n","protected":false},"excerpt":{"rendered":"<p>Atornilladora taladro a bater\u00eda de 22 V de clase compacta con motor sin escobillas para tareas ligeras o en lugares de dif\u00edcil acceso que requieren mayor rendimiento<br \/>\nPar m\u00e1ximo (uni\u00f3n suave\/dura): 36 Nm (Junta blanda), 62 Nm (Junta dura)<br \/>\nRPM sin carga: engranaje 1: 610 rpm; engranaje 2: 2100 rpm<br \/>\nRango de fijaci\u00f3n de mandril: 2 &#8211; 13 mm<\/p>\n","protected":false},"featured_media":6239,"template":"","meta":[],"product_brand":[],"product_cat":[537],"product_tag":[],"class_list":{"0":"post-6238","1":"product","2":"type-product","3":"status-publish","4":"has-post-thumbnail","6":"product_cat-atornilladora_taladro","8":"first","9":"instock","10":"shipping-taxable","11":"product-type-simple","12":"prodpage-style3"},"_links":{"self":[{"href":"https:\/\/www.acerogar.com\/web\/wp-json\/wp\/v2\/product\/6238","targetHints":{"allow":["GET"]}}],"collection":[{"href":"https:\/\/www.acerogar.com\/web\/wp-json\/wp\/v2\/product"}],"about":[{"href":"https:\/\/www.acerogar.com\/web\/wp-json\/wp\/v2\/types\/product"}],"wp:featuredmedia":[{"embeddable":true,"href":"https:\/\/www.acerogar.com\/web\/wp-json\/wp\/v2\/media\/6239"}],"wp:attachment":[{"href":"https:\/\/www.acerogar.com\/web\/wp-json\/wp\/v2\/media?parent=6238"}],"wp:term":[{"taxonomy":"product_brand","embeddable":true,"href":"https:\/\/www.acerogar.com\/web\/wp-json\/wp\/v2\/product_brand?post=6238"},{"taxonomy":"product_cat","embeddable":true,"href":"https:\/\/www.acerogar.com\/web\/wp-json\/wp\/v2\/product_cat?post=6238"},{"taxonomy":"product_tag","embeddable":true,"href":"https:\/\/www.acerogar.com\/web\/wp-json\/wp\/v2\/product_tag?post=6238"}],"curies":[{"name":"wp","href":"https:\/\/api.w.org\/{rel}","templated":true}]}}