{"id":6240,"date":"2022-03-30T15:51:16","date_gmt":"2022-03-30T20:51:16","guid":{"rendered":"https:\/\/www.acerogar.com\/web\/?post_type=product&#038;p=6240"},"modified":"2022-03-30T15:59:44","modified_gmt":"2022-03-30T20:59:44","slug":"atorn-tal-perc-bat-sf-6h-a22-caja","status":"publish","type":"product","link":"https:\/\/www.acerogar.com\/web\/producto\/atorn-tal-perc-bat-sf-6h-a22-caja\/","title":{"rendered":"Atorn. tal. perc. bat. SF 6H-A22 caja"},"content":{"rendered":"<p>Atornilladora taladro con percusi\u00f3n a bater\u00eda de 22 V con control activo del par y mandril electr\u00f3nico para uso universal en madera, metal, mamposter\u00eda y otros materiales.<br \/>\nPar m\u00e1ximo (uni\u00f3n suave\/dura): 65 Nm (Junta blanda), 80 Nm (Junta dura)<br \/>\nRPM sin carga: engranaje 1: 490 rpm; engranaje 2: 2000 rpm<br \/>\nRango de fijaci\u00f3n de mandril: 2 &#8211; 13 mm<\/p>\n","protected":false},"excerpt":{"rendered":"<p>Atornilladora taladro con percusi\u00f3n a bater\u00eda de 22 V con control activo del par y mandril electr\u00f3nico para uso universal en madera, metal, mamposter\u00eda y otros materiales.<br \/>\nPar m\u00e1ximo (uni\u00f3n suave\/dura): 65 Nm (Junta blanda), 80 Nm (Junta dura)<br \/>\nRPM sin carga: engranaje 1: 490 rpm; engranaje 2: 2000 rpm<br \/>\nRango de fijaci\u00f3n de mandril: 2 &#8211; 13 mm<\/p>\n","protected":false},"featured_media":6241,"template":"","meta":[],"product_brand":[],"product_cat":[537],"product_tag":[],"class_list":{"0":"post-6240","1":"product","2":"type-product","3":"status-publish","4":"has-post-thumbnail","6":"product_cat-atornilladora_taladro","8":"first","9":"instock","10":"shipping-taxable","11":"product-type-simple","12":"prodpage-style3"},"_links":{"self":[{"href":"https:\/\/www.acerogar.com\/web\/wp-json\/wp\/v2\/product\/6240","targetHints":{"allow":["GET"]}}],"collection":[{"href":"https:\/\/www.acerogar.com\/web\/wp-json\/wp\/v2\/product"}],"about":[{"href":"https:\/\/www.acerogar.com\/web\/wp-json\/wp\/v2\/types\/product"}],"wp:featuredmedia":[{"embeddable":true,"href":"https:\/\/www.acerogar.com\/web\/wp-json\/wp\/v2\/media\/6241"}],"wp:attachment":[{"href":"https:\/\/www.acerogar.com\/web\/wp-json\/wp\/v2\/media?parent=6240"}],"wp:term":[{"taxonomy":"product_brand","embeddable":true,"href":"https:\/\/www.acerogar.com\/web\/wp-json\/wp\/v2\/product_brand?post=6240"},{"taxonomy":"product_cat","embeddable":true,"href":"https:\/\/www.acerogar.com\/web\/wp-json\/wp\/v2\/product_cat?post=6240"},{"taxonomy":"product_tag","embeddable":true,"href":"https:\/\/www.acerogar.com\/web\/wp-json\/wp\/v2\/product_tag?post=6240"}],"curies":[{"name":"wp","href":"https:\/\/api.w.org\/{rel}","templated":true}]}}