{"id":6440,"date":"2022-03-31T11:59:38","date_gmt":"2022-03-31T16:59:38","guid":{"rendered":"https:\/\/www.acerogar.com\/web\/?post_type=product&#038;p=6440"},"modified":"2022-04-26T12:05:28","modified_gmt":"2022-04-26T17:05:28","slug":"broca-para-taladro-te-cx-1-4-6","status":"publish","type":"product","link":"https:\/\/www.acerogar.com\/web\/producto\/broca-para-taladro-te-cx-1-4-6\/","title":{"rendered":"Broca para taladro TE-CX 1\/4&#8243;-6&#8243;"},"content":{"rendered":"<p>Broca de percusi\u00f3n Ultimate SDS Plus (TE-C) para perforaci\u00f3n de anclaje en hormig\u00f3n armado (imperial)<br \/>\nExtremo de conexi\u00f3n: TE-C (SDS Plus)<br \/>\nMaterial base: Hormig\u00f3n armado, Hormig\u00f3n, Ladrillo, Mamposter\u00eda<br \/>\nModo de trabajo: perforaci\u00f3n con percusi\u00f3n, solo perforaci\u00f3n<\/p>\n","protected":false},"excerpt":{"rendered":"<p>Broca de percusi\u00f3n Ultimate SDS Plus (TE-C) para perforaci\u00f3n de anclaje en hormig\u00f3n armado (imperial)<br \/>\nExtremo de conexi\u00f3n: TE-C (SDS Plus)<br \/>\nMaterial base: Hormig\u00f3n armado, Hormig\u00f3n, Ladrillo, Mamposter\u00eda<br \/>\nModo de trabajo: perforaci\u00f3n con percusi\u00f3n, solo perforaci\u00f3n<\/p>\n","protected":false},"featured_media":6441,"template":"","meta":[],"product_brand":[],"product_cat":[543],"product_tag":[],"class_list":{"0":"post-6440","1":"product","2":"type-product","3":"status-publish","4":"has-post-thumbnail","6":"product_cat-consumibles-para-taladros","8":"first","9":"instock","10":"shipping-taxable","11":"product-type-simple","12":"prodpage-style3"},"_links":{"self":[{"href":"https:\/\/www.acerogar.com\/web\/wp-json\/wp\/v2\/product\/6440","targetHints":{"allow":["GET"]}}],"collection":[{"href":"https:\/\/www.acerogar.com\/web\/wp-json\/wp\/v2\/product"}],"about":[{"href":"https:\/\/www.acerogar.com\/web\/wp-json\/wp\/v2\/types\/product"}],"wp:featuredmedia":[{"embeddable":true,"href":"https:\/\/www.acerogar.com\/web\/wp-json\/wp\/v2\/media\/6441"}],"wp:attachment":[{"href":"https:\/\/www.acerogar.com\/web\/wp-json\/wp\/v2\/media?parent=6440"}],"wp:term":[{"taxonomy":"product_brand","embeddable":true,"href":"https:\/\/www.acerogar.com\/web\/wp-json\/wp\/v2\/product_brand?post=6440"},{"taxonomy":"product_cat","embeddable":true,"href":"https:\/\/www.acerogar.com\/web\/wp-json\/wp\/v2\/product_cat?post=6440"},{"taxonomy":"product_tag","embeddable":true,"href":"https:\/\/www.acerogar.com\/web\/wp-json\/wp\/v2\/product_tag?post=6440"}],"curies":[{"name":"wp","href":"https:\/\/api.w.org\/{rel}","templated":true}]}}