{"id":6446,"date":"2022-03-31T12:04:14","date_gmt":"2022-03-31T17:04:14","guid":{"rendered":"https:\/\/www.acerogar.com\/web\/?post_type=product&#038;p=6446"},"modified":"2022-04-26T12:06:02","modified_gmt":"2022-04-26T17:06:02","slug":"broca-para-taladro-te-c-1-4-6","status":"publish","type":"product","link":"https:\/\/www.acerogar.com\/web\/producto\/broca-para-taladro-te-c-1-4-6\/","title":{"rendered":"Broca para taladro TE-C 1\/4&#8243;-6&#8243;"},"content":{"rendered":"<p>Broca de percusi\u00f3n Premium SDS Plus (TE-C) con h\u00e9lice de 2 flautas para taladrar orificios de anclaje en hormig\u00f3n<br \/>\nExtremo de conexi\u00f3n: TE-C (SDS Plus)<br \/>\nMaterial base: Hormig\u00f3n, Ladrillo, Mamposter\u00eda, Bloques silicocalc\u00e1reos, Piedra natural<br \/>\nModo de trabajo: perforaci\u00f3n con percusi\u00f3n, solo perforaci\u00f3n<\/p>\n","protected":false},"excerpt":{"rendered":"<p>Broca de percusi\u00f3n Premium SDS Plus (TE-C) con h\u00e9lice de 2 flautas para taladrar orificios de anclaje en hormig\u00f3n<br \/>\nExtremo de conexi\u00f3n: TE-C (SDS Plus)<br \/>\nMaterial base: Hormig\u00f3n, Ladrillo, Mamposter\u00eda, Bloques silicocalc\u00e1reos, Piedra natural<br \/>\nModo de trabajo: perforaci\u00f3n con percusi\u00f3n, solo perforaci\u00f3n<\/p>\n","protected":false},"featured_media":6447,"template":"","meta":[],"product_brand":[],"product_cat":[543],"product_tag":[],"class_list":{"0":"post-6446","1":"product","2":"type-product","3":"status-publish","4":"has-post-thumbnail","6":"product_cat-consumibles-para-taladros","8":"first","9":"instock","10":"shipping-taxable","11":"product-type-simple","12":"prodpage-style3"},"_links":{"self":[{"href":"https:\/\/www.acerogar.com\/web\/wp-json\/wp\/v2\/product\/6446","targetHints":{"allow":["GET"]}}],"collection":[{"href":"https:\/\/www.acerogar.com\/web\/wp-json\/wp\/v2\/product"}],"about":[{"href":"https:\/\/www.acerogar.com\/web\/wp-json\/wp\/v2\/types\/product"}],"wp:featuredmedia":[{"embeddable":true,"href":"https:\/\/www.acerogar.com\/web\/wp-json\/wp\/v2\/media\/6447"}],"wp:attachment":[{"href":"https:\/\/www.acerogar.com\/web\/wp-json\/wp\/v2\/media?parent=6446"}],"wp:term":[{"taxonomy":"product_brand","embeddable":true,"href":"https:\/\/www.acerogar.com\/web\/wp-json\/wp\/v2\/product_brand?post=6446"},{"taxonomy":"product_cat","embeddable":true,"href":"https:\/\/www.acerogar.com\/web\/wp-json\/wp\/v2\/product_cat?post=6446"},{"taxonomy":"product_tag","embeddable":true,"href":"https:\/\/www.acerogar.com\/web\/wp-json\/wp\/v2\/product_tag?post=6446"}],"curies":[{"name":"wp","href":"https:\/\/api.w.org\/{rel}","templated":true}]}}