{"id":6497,"date":"2022-03-31T14:30:03","date_gmt":"2022-03-31T19:30:03","guid":{"rendered":"https:\/\/www.acerogar.com\/web\/?post_type=product&#038;p=6497"},"modified":"2022-04-26T12:21:41","modified_gmt":"2022-04-26T17:21:41","slug":"anclaje-de-cuna-de-acero-al-carbono-kwik-bolt-1","status":"publish","type":"product","link":"https:\/\/www.acerogar.com\/web\/producto\/anclaje-de-cuna-de-acero-al-carbono-kwik-bolt-1\/","title":{"rendered":"ANCLAJE DE CU\u00d1A DE ACERO AL CARBONO KWIK BOLT 1"},"content":{"rendered":"<p>Anclaje acu\u00f1ado de alto desempe\u00f1o para concreto fisurado y antis\u00edsmico (acero al carbono)<br \/>\nProtecci\u00f3n frente a corrosi\u00f3n: Acero al carbono, galvanizado<br \/>\nConfiguraci\u00f3n de cabeza: Con rosca externa<br \/>\nM\u00e9todo de taladrado (AS): Taladrado con percusi\u00f3n, Taladrado con broca hueca<\/p>\n","protected":false},"excerpt":{"rendered":"<p>Anclaje acu\u00f1ado de alto desempe\u00f1o para concreto fisurado y antis\u00edsmico (acero al carbono)<br \/>\nProtecci\u00f3n frente a corrosi\u00f3n: Acero al carbono, galvanizado<br \/>\nConfiguraci\u00f3n de cabeza: Con rosca externa<br \/>\nM\u00e9todo de taladrado (AS): Taladrado con percusi\u00f3n, Taladrado con broca hueca<\/p>\n","protected":false},"featured_media":6498,"template":"","meta":[],"product_brand":[],"product_cat":[548],"product_tag":[],"class_list":{"0":"post-6497","1":"product","2":"type-product","3":"status-publish","4":"has-post-thumbnail","6":"product_cat-anclajes-de-cuna","8":"first","9":"instock","10":"shipping-taxable","11":"product-type-simple","12":"prodpage-style3"},"_links":{"self":[{"href":"https:\/\/www.acerogar.com\/web\/wp-json\/wp\/v2\/product\/6497","targetHints":{"allow":["GET"]}}],"collection":[{"href":"https:\/\/www.acerogar.com\/web\/wp-json\/wp\/v2\/product"}],"about":[{"href":"https:\/\/www.acerogar.com\/web\/wp-json\/wp\/v2\/types\/product"}],"wp:featuredmedia":[{"embeddable":true,"href":"https:\/\/www.acerogar.com\/web\/wp-json\/wp\/v2\/media\/6498"}],"wp:attachment":[{"href":"https:\/\/www.acerogar.com\/web\/wp-json\/wp\/v2\/media?parent=6497"}],"wp:term":[{"taxonomy":"product_brand","embeddable":true,"href":"https:\/\/www.acerogar.com\/web\/wp-json\/wp\/v2\/product_brand?post=6497"},{"taxonomy":"product_cat","embeddable":true,"href":"https:\/\/www.acerogar.com\/web\/wp-json\/wp\/v2\/product_cat?post=6497"},{"taxonomy":"product_tag","embeddable":true,"href":"https:\/\/www.acerogar.com\/web\/wp-json\/wp\/v2\/product_tag?post=6497"}],"curies":[{"name":"wp","href":"https:\/\/api.w.org\/{rel}","templated":true}]}}