{"id":6499,"date":"2022-03-31T14:33:03","date_gmt":"2022-03-31T19:33:03","guid":{"rendered":"https:\/\/www.acerogar.com\/web\/?post_type=product&#038;p=6499"},"modified":"2022-04-26T12:21:56","modified_gmt":"2022-04-26T17:21:56","slug":"anclaje-de-cuna-kwik-bolt-3-hdg","status":"publish","type":"product","link":"https:\/\/www.acerogar.com\/web\/producto\/anclaje-de-cuna-kwik-bolt-3-hdg\/","title":{"rendered":"ANCLAJE DE CU\u00d1A KWIK BOLT 3 HDG"},"content":{"rendered":"<p>Anclaje de cu\u00f1a de alto rendimiento con aprobaciones diarias para hormig\u00f3n no fisurado (galvanizado en caliente)<br \/>\nMaterial, corrosi\u00f3n: acero al carbono, HDG (galvanizado en caliente)\/sherardizado<br \/>\nConfiguraci\u00f3n de la cabeza: Roscado externo<br \/>\nAprobaciones \/ Informes de prueba: informe ICC-ES (concreto)<\/p>\n","protected":false},"excerpt":{"rendered":"<p>Anclaje de cu\u00f1a de alto rendimiento con aprobaciones diarias para hormig\u00f3n no fisurado (galvanizado en caliente)<br \/>\nMaterial, corrosi\u00f3n: acero al carbono, HDG (galvanizado en caliente)\/sherardizado<br \/>\nConfiguraci\u00f3n de la cabeza: Roscado externo<br \/>\nAprobaciones \/ Informes de prueba: informe ICC-ES (concreto)<\/p>\n","protected":false},"featured_media":6500,"template":"","meta":[],"product_brand":[],"product_cat":[548],"product_tag":[],"class_list":{"0":"post-6499","1":"product","2":"type-product","3":"status-publish","4":"has-post-thumbnail","6":"product_cat-anclajes-de-cuna","8":"first","9":"instock","10":"shipping-taxable","11":"product-type-simple","12":"prodpage-style3"},"_links":{"self":[{"href":"https:\/\/www.acerogar.com\/web\/wp-json\/wp\/v2\/product\/6499","targetHints":{"allow":["GET"]}}],"collection":[{"href":"https:\/\/www.acerogar.com\/web\/wp-json\/wp\/v2\/product"}],"about":[{"href":"https:\/\/www.acerogar.com\/web\/wp-json\/wp\/v2\/types\/product"}],"wp:featuredmedia":[{"embeddable":true,"href":"https:\/\/www.acerogar.com\/web\/wp-json\/wp\/v2\/media\/6500"}],"wp:attachment":[{"href":"https:\/\/www.acerogar.com\/web\/wp-json\/wp\/v2\/media?parent=6499"}],"wp:term":[{"taxonomy":"product_brand","embeddable":true,"href":"https:\/\/www.acerogar.com\/web\/wp-json\/wp\/v2\/product_brand?post=6499"},{"taxonomy":"product_cat","embeddable":true,"href":"https:\/\/www.acerogar.com\/web\/wp-json\/wp\/v2\/product_cat?post=6499"},{"taxonomy":"product_tag","embeddable":true,"href":"https:\/\/www.acerogar.com\/web\/wp-json\/wp\/v2\/product_tag?post=6499"}],"curies":[{"name":"wp","href":"https:\/\/api.w.org\/{rel}","templated":true}]}}