{"id":6501,"date":"2022-03-31T14:34:15","date_gmt":"2022-03-31T19:34:15","guid":{"rendered":"https:\/\/www.acerogar.com\/web\/?post_type=product&#038;p=6501"},"modified":"2022-04-26T12:22:19","modified_gmt":"2022-04-26T17:22:19","slug":"anclaje-de-cuna-kwik-bolt-tz2-cs","status":"publish","type":"product","link":"https:\/\/www.acerogar.com\/web\/producto\/anclaje-de-cuna-kwik-bolt-tz2-cs\/","title":{"rendered":"ANCLAJE DE CU\u00d1A KWIK BOLT TZ2 CS"},"content":{"rendered":"<p>Anclaje de cu\u00f1a de m\u00e1ximo rendimiento para hormig\u00f3n fisurado y s\u00edsmico (acero al carbono)<br \/>\nMaterial, corrosi\u00f3n: acero al carbono, cincado<br \/>\nConfiguraci\u00f3n de la cabeza: Roscado externo<br \/>\nM\u00e9todo de perforaci\u00f3n (AS): Perforaci\u00f3n con percusi\u00f3n, Perforaci\u00f3n con broca hueca, Perforaci\u00f3n con diamante<\/p>\n","protected":false},"excerpt":{"rendered":"<p>Anclaje de cu\u00f1a de m\u00e1ximo rendimiento para hormig\u00f3n fisurado y s\u00edsmico (acero al carbono)<br \/>\nMaterial, corrosi\u00f3n: acero al carbono, cincado<br \/>\nConfiguraci\u00f3n de la cabeza: Roscado externo<br \/>\nM\u00e9todo de perforaci\u00f3n (AS): Perforaci\u00f3n con percusi\u00f3n, Perforaci\u00f3n con broca hueca, Perforaci\u00f3n con diamante<\/p>\n","protected":false},"featured_media":6502,"template":"","meta":[],"product_brand":[],"product_cat":[548],"product_tag":[],"class_list":{"0":"post-6501","1":"product","2":"type-product","3":"status-publish","4":"has-post-thumbnail","6":"product_cat-anclajes-de-cuna","8":"first","9":"instock","10":"shipping-taxable","11":"product-type-simple","12":"prodpage-style3"},"_links":{"self":[{"href":"https:\/\/www.acerogar.com\/web\/wp-json\/wp\/v2\/product\/6501","targetHints":{"allow":["GET"]}}],"collection":[{"href":"https:\/\/www.acerogar.com\/web\/wp-json\/wp\/v2\/product"}],"about":[{"href":"https:\/\/www.acerogar.com\/web\/wp-json\/wp\/v2\/types\/product"}],"wp:featuredmedia":[{"embeddable":true,"href":"https:\/\/www.acerogar.com\/web\/wp-json\/wp\/v2\/media\/6502"}],"wp:attachment":[{"href":"https:\/\/www.acerogar.com\/web\/wp-json\/wp\/v2\/media?parent=6501"}],"wp:term":[{"taxonomy":"product_brand","embeddable":true,"href":"https:\/\/www.acerogar.com\/web\/wp-json\/wp\/v2\/product_brand?post=6501"},{"taxonomy":"product_cat","embeddable":true,"href":"https:\/\/www.acerogar.com\/web\/wp-json\/wp\/v2\/product_cat?post=6501"},{"taxonomy":"product_tag","embeddable":true,"href":"https:\/\/www.acerogar.com\/web\/wp-json\/wp\/v2\/product_tag?post=6501"}],"curies":[{"name":"wp","href":"https:\/\/api.w.org\/{rel}","templated":true}]}}